{"id":65,"date":"2026-01-08T19:01:15","date_gmt":"2026-01-08T19:01:15","guid":{"rendered":"https:\/\/amfasa.com.ar\/?page_id=65"},"modified":"2026-05-08T22:01:24","modified_gmt":"2026-05-08T22:01:24","slug":"cotizar","status":"publish","type":"page","link":"https:\/\/amfasa.com.ar\/index.php\/cotizar\/","title":{"rendered":"Cotizar"},"content":{"rendered":"\t\t<div data-elementor-type=\"wp-page\" data-elementor-id=\"65\" class=\"elementor elementor-65\" data-elementor-post-type=\"page\">\n\t\t\t\t<div class=\"elementor-element elementor-element-5b9103d7 e-con-full e-flex e-con e-child\" data-id=\"5b9103d7\" data-element_type=\"container\" data-e-type=\"container\" data-settings=\"{&quot;background_background&quot;:&quot;classic&quot;}\">\n\t\t<div class=\"elementor-element elementor-element-797fcd4c e-con-full e-flex e-con e-child\" data-id=\"797fcd4c\" data-element_type=\"container\" data-e-type=\"container\">\n\t\t\t\t<div class=\"elementor-element elementor-element-7b998b50 elementor-widget__width-initial elementor-widget elementor-widget-image\" data-id=\"7b998b50\" data-element_type=\"widget\" data-e-type=\"widget\" data-widget_type=\"image.default\">\n\t\t\t\t\t\t\t\t\t\t\t\t\t\t\t\t<a href=\"https:\/\/amfasa.com.ar\/\">\n\t\t\t\t\t\t\t<img fetchpriority=\"high\" decoding=\"async\" width=\"800\" height=\"221\" src=\"https:\/\/amfasa.com.ar\/wp-content\/uploads\/2026\/01\/Frame-47601-1.png\" class=\"attachment-large size-large wp-image-378\" alt=\"\" srcset=\"https:\/\/amfasa.com.ar\/wp-content\/uploads\/2026\/01\/Frame-47601-1.png 925w, https:\/\/amfasa.com.ar\/wp-content\/uploads\/2026\/01\/Frame-47601-1-300x83.png 300w, https:\/\/amfasa.com.ar\/wp-content\/uploads\/2026\/01\/Frame-47601-1-768x213.png 768w\" sizes=\"(max-width: 800px) 100vw, 800px\" \/>\t\t\t\t\t\t\t\t<\/a>\n\t\t\t\t\t\t\t\t\t\t\t\t\t\t\t<\/div>\n\t\t\t\t<div class=\"elementor-element elementor-element-27a9fb93 elementor-nav-menu__align-center elementor-widget__width-initial elementor-widget-mobile__width-initial elementor-nav-menu--dropdown-tablet elementor-nav-menu__text-align-aside elementor-nav-menu--toggle elementor-nav-menu--burger elementor-widget elementor-widget-nav-menu\" data-id=\"27a9fb93\" data-element_type=\"widget\" data-e-type=\"widget\" data-settings=\"{&quot;layout&quot;:&quot;horizontal&quot;,&quot;submenu_icon&quot;:{&quot;value&quot;:&quot;&lt;svg aria-hidden=\\&quot;true\\&quot; class=\\&quot;e-font-icon-svg e-fas-caret-down\\&quot; viewBox=\\&quot;0 0 320 512\\&quot; xmlns=\\&quot;http:\\\/\\\/www.w3.org\\\/2000\\\/svg\\&quot;&gt;&lt;path d=\\&quot;M31.3 192h257.3c17.8 0 26.7 21.5 14.1 34.1L174.1 354.8c-7.8 7.8-20.5 7.8-28.3 0L17.2 226.1C4.6 213.5 13.5 192 31.3 192z\\&quot;&gt;&lt;\\\/path&gt;&lt;\\\/svg&gt;&quot;,&quot;library&quot;:&quot;fa-solid&quot;},&quot;toggle&quot;:&quot;burger&quot;}\" data-widget_type=\"nav-menu.default\">\n\t\t\t\t\t\t\t\t<nav aria-label=\"Menu\" class=\"elementor-nav-menu--main elementor-nav-menu__container elementor-nav-menu--layout-horizontal e--pointer-underline e--animation-grow\">\n\t\t\t\t<ul id=\"menu-1-27a9fb93\" class=\"elementor-nav-menu\"><li class=\"menu-item menu-item-type-post_type menu-item-object-page menu-item-home menu-item-113\"><a href=\"https:\/\/amfasa.com.ar\/\" class=\"elementor-item\">Home<\/a><\/li>\n<li class=\"menu-item menu-item-type-post_type menu-item-object-page menu-item-230\"><a href=\"https:\/\/amfasa.com.ar\/index.php\/nosotros\/\" class=\"elementor-item\">Nosotros<\/a><\/li>\n<li class=\"menu-item menu-item-type-post_type menu-item-object-page menu-item-231\"><a href=\"https:\/\/amfasa.com.ar\/index.php\/servicios\/\" class=\"elementor-item\">Servicios<\/a><\/li>\n<li class=\"menu-item menu-item-type-post_type menu-item-object-page menu-item-112\"><a href=\"https:\/\/amfasa.com.ar\/index.php\/cotizar\/\" class=\"elementor-item\">Afiliaci\u00f3n<\/a><\/li>\n<li class=\"menu-item menu-item-type-post_type menu-item-object-page menu-item-352\"><a href=\"https:\/\/amfasa.com.ar\/index.php\/contacto\/\" class=\"elementor-item\">Contacto<\/a><\/li>\n<\/ul>\t\t\t<\/nav>\n\t\t\t\t\t<div class=\"elementor-menu-toggle\" role=\"button\" tabindex=\"0\" aria-label=\"Menu Toggle\" aria-expanded=\"false\">\n\t\t\t<svg aria-hidden=\"true\" role=\"presentation\" class=\"elementor-menu-toggle__icon--open e-font-icon-svg e-eicon-menu-bar\" viewBox=\"0 0 1000 1000\" xmlns=\"http:\/\/www.w3.org\/2000\/svg\"><path d=\"M104 333H896C929 333 958 304 958 271S929 208 896 208H104C71 208 42 237 42 271S71 333 104 333ZM104 583H896C929 583 958 554 958 521S929 458 896 458H104C71 458 42 487 42 521S71 583 104 583ZM104 833H896C929 833 958 804 958 771S929 708 896 708H104C71 708 42 737 42 771S71 833 104 833Z\"><\/path><\/svg><svg aria-hidden=\"true\" role=\"presentation\" class=\"elementor-menu-toggle__icon--close e-font-icon-svg e-eicon-close\" viewBox=\"0 0 1000 1000\" xmlns=\"http:\/\/www.w3.org\/2000\/svg\"><path d=\"M742 167L500 408 258 167C246 154 233 150 217 150 196 150 179 158 167 167 154 179 150 196 150 212 150 229 154 242 171 254L408 500 167 742C138 771 138 800 167 829 196 858 225 858 254 829L496 587 738 829C750 842 767 846 783 846 800 846 817 842 829 829 842 817 846 804 846 783 846 767 842 750 829 737L588 500 833 258C863 229 863 200 833 171 804 137 775 137 742 167Z\"><\/path><\/svg>\t\t<\/div>\n\t\t\t\t\t<nav class=\"elementor-nav-menu--dropdown elementor-nav-menu__container\" aria-hidden=\"true\">\n\t\t\t\t<ul id=\"menu-2-27a9fb93\" class=\"elementor-nav-menu\"><li class=\"menu-item menu-item-type-post_type menu-item-object-page menu-item-home menu-item-113\"><a href=\"https:\/\/amfasa.com.ar\/\" class=\"elementor-item\" tabindex=\"-1\">Home<\/a><\/li>\n<li class=\"menu-item menu-item-type-post_type menu-item-object-page menu-item-230\"><a href=\"https:\/\/amfasa.com.ar\/index.php\/nosotros\/\" class=\"elementor-item\" tabindex=\"-1\">Nosotros<\/a><\/li>\n<li class=\"menu-item menu-item-type-post_type menu-item-object-page menu-item-231\"><a href=\"https:\/\/amfasa.com.ar\/index.php\/servicios\/\" class=\"elementor-item\" tabindex=\"-1\">Servicios<\/a><\/li>\n<li class=\"menu-item menu-item-type-post_type menu-item-object-page menu-item-112\"><a href=\"https:\/\/amfasa.com.ar\/index.php\/cotizar\/\" class=\"elementor-item\" tabindex=\"-1\">Afiliaci\u00f3n<\/a><\/li>\n<li class=\"menu-item menu-item-type-post_type menu-item-object-page menu-item-352\"><a href=\"https:\/\/amfasa.com.ar\/index.php\/contacto\/\" class=\"elementor-item\" tabindex=\"-1\">Contacto<\/a><\/li>\n<\/ul>\t\t\t<\/nav>\n\t\t\t\t\t\t<\/div>\n\t\t\t\t<\/div>\n\t\t<div class=\"elementor-element elementor-element-4126b3ab e-con-full e-flex e-con e-child\" data-id=\"4126b3ab\" data-element_type=\"container\" data-e-type=\"container\">\n\t\t\t\t<div class=\"elementor-element elementor-element-7cc23490 elementor-widget elementor-widget-heading\" data-id=\"7cc23490\" data-element_type=\"widget\" data-e-type=\"widget\" data-widget_type=\"heading.default\">\n\t\t\t\t\t<h2 class=\"elementor-heading-title elementor-size-default\">Afiliaci\u00f3n<\/h2>\t\t\t\t<\/div>\n\t\t\t\t<\/div>\n\t\t\t\t<div class=\"elementor-element elementor-element-20e1b5c4 e-grid-align-right elementor-shape-rounded elementor-grid-0 elementor-widget elementor-widget-social-icons\" data-id=\"20e1b5c4\" data-element_type=\"widget\" data-e-type=\"widget\" data-widget_type=\"social-icons.default\">\n\t\t\t\t\t\t\t<div class=\"elementor-social-icons-wrapper elementor-grid\" role=\"list\">\n\t\t\t\t\t\t\t<span class=\"elementor-grid-item\" role=\"listitem\">\n\t\t\t\t\t<a class=\"elementor-icon elementor-social-icon elementor-social-icon-facebook elementor-animation-float elementor-repeater-item-e961d78\" target=\"_blank\">\n\t\t\t\t\t\t<span class=\"elementor-screen-only\">Facebook<\/span>\n\t\t\t\t\t\t<svg aria-hidden=\"true\" class=\"e-font-icon-svg e-fab-facebook\" viewBox=\"0 0 512 512\" xmlns=\"http:\/\/www.w3.org\/2000\/svg\"><path d=\"M504 256C504 119 393 8 256 8S8 119 8 256c0 123.78 90.69 226.38 209.25 245V327.69h-63V256h63v-54.64c0-62.15 37-96.48 93.67-96.48 27.14 0 55.52 4.84 55.52 4.84v61h-31.28c-30.8 0-40.41 19.12-40.41 38.73V256h68.78l-11 71.69h-57.78V501C413.31 482.38 504 379.78 504 256z\"><\/path><\/svg>\t\t\t\t\t<\/a>\n\t\t\t\t<\/span>\n\t\t\t\t\t\t\t<span class=\"elementor-grid-item\" role=\"listitem\">\n\t\t\t\t\t<a class=\"elementor-icon elementor-social-icon elementor-social-icon-x-twitter elementor-animation-float elementor-repeater-item-a582ebb\" target=\"_blank\">\n\t\t\t\t\t\t<span class=\"elementor-screen-only\">X-twitter<\/span>\n\t\t\t\t\t\t<svg aria-hidden=\"true\" class=\"e-font-icon-svg e-fab-x-twitter\" viewBox=\"0 0 512 512\" xmlns=\"http:\/\/www.w3.org\/2000\/svg\"><path d=\"M389.2 48h70.6L305.6 224.2 487 464H345L233.7 318.6 106.5 464H35.8L200.7 275.5 26.8 48H172.4L272.9 180.9 389.2 48zM364.4 421.8h39.1L151.1 88h-42L364.4 421.8z\"><\/path><\/svg>\t\t\t\t\t<\/a>\n\t\t\t\t<\/span>\n\t\t\t\t\t\t\t<span class=\"elementor-grid-item\" role=\"listitem\">\n\t\t\t\t\t<a class=\"elementor-icon elementor-social-icon elementor-social-icon-youtube elementor-animation-float elementor-repeater-item-53bb1e3\" target=\"_blank\">\n\t\t\t\t\t\t<span class=\"elementor-screen-only\">Youtube<\/span>\n\t\t\t\t\t\t<svg aria-hidden=\"true\" class=\"e-font-icon-svg e-fab-youtube\" viewBox=\"0 0 576 512\" xmlns=\"http:\/\/www.w3.org\/2000\/svg\"><path d=\"M549.655 124.083c-6.281-23.65-24.787-42.276-48.284-48.597C458.781 64 288 64 288 64S117.22 64 74.629 75.486c-23.497 6.322-42.003 24.947-48.284 48.597-11.412 42.867-11.412 132.305-11.412 132.305s0 89.438 11.412 132.305c6.281 23.65 24.787 41.5 48.284 47.821C117.22 448 288 448 288 448s170.78 0 213.371-11.486c23.497-6.321 42.003-24.171 48.284-47.821 11.412-42.867 11.412-132.305 11.412-132.305s0-89.438-11.412-132.305zm-317.51 213.508V175.185l142.739 81.205-142.739 81.201z\"><\/path><\/svg>\t\t\t\t\t<\/a>\n\t\t\t\t<\/span>\n\t\t\t\t\t<\/div>\n\t\t\t\t\t\t<\/div>\n\t\t\t\t<\/div>\n\t\t<div class=\"elementor-element elementor-element-12bf319 e-flex e-con-boxed e-con e-parent\" data-id=\"12bf319\" data-element_type=\"container\" data-e-type=\"container\">\n\t\t\t\t\t<div class=\"e-con-inner\">\n\t\t<div class=\"elementor-element elementor-element-582d3f1 e-con-full e-flex e-con e-child\" data-id=\"582d3f1\" data-element_type=\"container\" data-e-type=\"container\">\n\t\t\t\t<div class=\"elementor-element elementor-element-50de38e elementor-widget elementor-widget-shortcode\" data-id=\"50de38e\" data-element_type=\"widget\" data-e-type=\"widget\" data-widget_type=\"shortcode.default\">\n\t\t\t\t\t\t\t<div class=\"elementor-shortcode\">  <link rel=\"preconnect\" href=\"https:\/\/fonts.googleapis.com\">\n  <link rel=\"preconnect\" href=\"https:\/\/fonts.gstatic.com\" crossorigin>\n  <link href=\"https:\/\/fonts.googleapis.com\/css2?family=Roboto:wght@300;400;500&display=swap\" rel=\"stylesheet\">\n\n  <style>\n    .amfasa-wrap{font-family:Roboto,system-ui,-apple-system,Segoe UI,Arial,sans-serif;padding:16px}\n    .amfasa-card{max-width:980px;margin:0 auto;background:#fff;border:1px solid rgba(15,23,42,.10);border-radius:18px;padding:18px;box-shadow:0 12px 30px rgba(2,6,23,.06)}\n    .amfasa-head h2{margin:0 0 6px;font-size:clamp(20px,2.5vw,28px);letter-spacing:-.02em}\n    .amfasa-head p{margin:0 0 14px;color:#475569;line-height:1.5}\n    .amfasa-fieldset{border:0;padding:0;margin:16px 0 0}\n    .amfasa-fieldset legend{font-weight:500;color:#0f172a;margin-bottom:10px;padding:0;font-size:14px;text-transform:uppercase;letter-spacing:.08em}\n    .amfasa-grid{display:grid;grid-template-columns:repeat(2,minmax(0,1fr));gap:12px}\n    .amfasa-span2{grid-column:span 2}\n    .amfasa-field label{display:block;font-size:13px;color:#0f172a;margin:0 0 6px}\n    .amfasa-field label span{color:#2563eb}\n    .amfasa-field input,.amfasa-field select,.amfasa-field textarea{\n      width:100%;box-sizing:border-box;background:#fff;border:1px solid rgba(15,23,42,.14);\n      border-radius:12px;padding:12px 12px;outline:none;font-size:14px;color:#0f172a;\n      transition:border-color .15s ease,box-shadow .15s ease\n    }\n    .amfasa-field textarea{resize:vertical;min-height:110px}\n    .amfasa-field small{display:block;margin-top:6px;color:#64748b;font-size:12px}\n    .amfasa-field input:focus,.amfasa-field select:focus,.amfasa-field textarea:focus{\n      border-color:rgba(37,99,235,.55);box-shadow:0 0 0 4px rgba(37,99,235,.14)\n    }\n    .amfasa-check{display:flex;gap:10px;align-items:flex-start;margin:10px 0;color:#0f172a}\n    .amfasa-check input{margin-top:3px}\n    .amfasa-actions{display:flex;flex-wrap:wrap;gap:12px;align-items:center;margin-top:18px}\n    .amfasa-btn{\n      border:0;cursor:pointer;border-radius:14px;padding:12px 16px;font-weight:500;font-size:14px;\n      background:linear-gradient(135deg,#2563eb,#1d4ed8);color:#fff;box-shadow:0 12px 22px rgba(37,99,235,.18);\n      transition:transform .08s ease,box-shadow .15s ease,filter .15s ease\n    }\n    .amfasa-btn:hover{filter:brightness(1.02);box-shadow:0 14px 26px rgba(37,99,235,.22)}\n    .amfasa-btn:active{transform:translateY(1px)}\n    .amfasa-muted{color:#64748b;font-size:13px;margin:0}\n    .amfasa-note{margin-top:14px;padding:12px 14px;border-radius:14px;background:rgba(37,99,235,.06);border:1px solid rgba(37,99,235,.16);color:#0f172a}\n    .amfasa-notice{\n      margin-bottom:14px;padding:12px 14px;border-radius:14px;border:1px solid rgba(15,23,42,.12);\n      display:flex;gap:12px;align-items:flex-start\n    }\n    .amfasa-notice .icon{\n      width:34px;height:34px;border-radius:999px;display:flex;align-items:center;justify-content:center;\n      font-weight:700;flex-shrink:0\n    }\n    .amfasa-notice.ok{background:rgba(34,197,94,.08);border-color:rgba(34,197,94,.22)}\n    .amfasa-notice.ok .icon{background:linear-gradient(135deg,#22c55e,#16a34a);color:#fff}\n    .amfasa-notice.error{background:rgba(239,68,68,.08);border-color:rgba(239,68,68,.22)}\n    .amfasa-notice.error .icon{background:linear-gradient(135deg,#ef4444,#dc2626);color:#fff}\n    .amfasa-notice strong{display:block;margin:0 0 2px}\n    .amfasa-notice p{margin:0;color:#475569;line-height:1.4}\n    @media (max-width:720px){\n      .amfasa-card{padding:14px}\n      .amfasa-grid{grid-template-columns:1fr}\n      .amfasa-span2{grid-column:span 1}\n      .amfasa-actions{align-items:stretch}\n      .amfasa-btn{width:100%}\n    }\n  <\/style>\n\n  <section class=\"amfasa-wrap\" aria-labelledby=\"amfasa-title\">\n    \n    <form class=\"amfasa-card\" id=\"amfasaAfiliacionForm\" method=\"post\" enctype=\"multipart\/form-data\" action=\"https:\/\/amfasa.com.ar\/wp-admin\/admin-post.php\">\n      <input type=\"hidden\" name=\"action\" value=\"amfasa_afiliacion_submit\">\n      <input type=\"hidden\" id=\"amfasa_nonce\" name=\"amfasa_nonce\" value=\"4202603cc5\" \/><input type=\"hidden\" name=\"_wp_http_referer\" value=\"\/index.php\/wp-json\/wp\/v2\/pages\/65\" \/>\n      <header class=\"amfasa-head\">\n        <h2 id=\"amfasa-title\">Formulario de Afiliaci\u00f3n<\/h2>\n        <p>Complet\u00e1 tus datos. Los campos marcados con * son obligatorios.<\/p>\n      <\/header>\n\n      <!-- DATOS PERSONALES -->\n      <fieldset class=\"amfasa-fieldset\">\n        <legend>Datos personales<\/legend>\n\n        <div class=\"amfasa-grid\">\n          <div class=\"amfasa-field\">\n            <label for=\"fullName\">Nombre y apellido <span>*<\/span><\/label>\n            <input id=\"fullName\" name=\"fullName\" type=\"text\" autocomplete=\"name\" required placeholder=\"Ej: Juan P\u00e9rez\">\n          <\/div>\n\n          <div class=\"amfasa-field\">\n            <label for=\"dni\">DNI <span>*<\/span><\/label>\n            <input id=\"dni\" name=\"dni\" type=\"text\" inputmode=\"numeric\" required placeholder=\"Ej: 12345678\">\n          <\/div>\n\n          <div class=\"amfasa-field\">\n            <label for=\"birthDate\">Fecha de nacimiento <span>*<\/span><\/label>\n            <input id=\"birthDate\" name=\"birthDate\" type=\"date\" required>\n          <\/div>\n\n          <div class=\"amfasa-field\">\n            <label for=\"phone\">N\u00famero de tel\u00e9fono (celular) <span>*<\/span><\/label>\n            <input id=\"phone\" name=\"phone\" type=\"tel\" autocomplete=\"tel\" required placeholder=\"Ej: +54 11 1234-5678\">\n          <\/div>\n\n          <div class=\"amfasa-field\">\n            <label for=\"email\">E-mail <span>*<\/span><\/label>\n            <input id=\"email\" name=\"email\" type=\"email\" autocomplete=\"email\" required placeholder=\"Ej: correo@dominio.com\">\n          <\/div>\n\n          <div class=\"amfasa-field amfasa-span2\">\n            <label for=\"address\">Domicilio <span>*<\/span><\/label>\n            <input id=\"address\" name=\"address\" type=\"text\" autocomplete=\"street-address\" required placeholder=\"Calle y n\u00famero, piso, depto\">\n          <\/div>\n\n          <div class=\"amfasa-field\">\n            <label for=\"city\">Localidad <span>*<\/span><\/label>\n            <input id=\"city\" name=\"city\" type=\"text\" autocomplete=\"address-level2\" required placeholder=\"Ej: Avellaneda\">\n          <\/div>\n\n          <div class=\"amfasa-field\">\n            <label for=\"province\">Provincia <span>*<\/span><\/label>\n            <input id=\"province\" name=\"province\" type=\"text\" autocomplete=\"address-level1\" required placeholder=\"Ej: Buenos Aires\">\n          <\/div>\n\n          <div class=\"amfasa-field\">\n            <label for=\"postalCode\">C\u00f3digo Postal <span>*<\/span><\/label>\n            <input id=\"postalCode\" name=\"postalCode\" type=\"text\" autocomplete=\"postal-code\" required placeholder=\"Ej: 1870\">\n          <\/div>\n        <\/div>\n      <\/fieldset>\n\n      <!-- DATOS LABORALES -->\n      <fieldset class=\"amfasa-fieldset\">\n        <legend>Datos laborales<\/legend>\n\n        <div class=\"amfasa-grid\">\n          <div class=\"amfasa-field amfasa-span2\">\n            <label for=\"workPlace\">Destino laboral <span>*<\/span><\/label>\n            <input id=\"workPlace\" name=\"workPlace\" type=\"text\" required placeholder=\"Organismo \/ dependencia \/ \u00e1rea\">\n          <\/div>\n\n          <div class=\"amfasa-field\">\n            <label for=\"rank\">Grado <span>*<\/span><\/label>\n            <input id=\"rank\" name=\"rank\" type=\"text\" required placeholder=\"Ej: Sargento \/ Oficial \/ etc.\">\n          <\/div>\n\n          <div class=\"amfasa-field\">\n            <label for=\"serviceStatus\">Situaci\u00f3n de revista <span>*<\/span><\/label>\n            <select id=\"serviceStatus\" name=\"serviceStatus\" required>\n              <option value=\"\" selected disabled>Seleccionar<\/option>\n              <option value=\"Personal Militar\">Personal Militar<\/option>\n              <option value=\"Fuerzas de Seguridad\">Fuerzas de Seguridad<\/option>\n            <\/select>\n          <\/div>\n        <\/div>\n      <\/fieldset>\n\n      <!-- DATOS BANCARIOS -->\n      <fieldset class=\"amfasa-fieldset\">\n        <legend>Datos bancarios<\/legend>\n\n        <div class=\"amfasa-grid\">\n          <div class=\"amfasa-field\">\n            <label for=\"cuilCuit\">CUIL\/CUIT <span>*<\/span><\/label>\n            <input id=\"cuilCuit\" name=\"cuilCuit\" type=\"text\" inputmode=\"numeric\" required placeholder=\"Ej: 20-12345678-3\">\n          <\/div>\n\n          <div class=\"amfasa-field\">\n            <label for=\"cbu\">CBU <span>*<\/span><\/label>\n            <input id=\"cbu\" name=\"cbu\" type=\"text\" inputmode=\"numeric\" required placeholder=\"22 d\u00edgitos\">\n          <\/div>\n\n          <div class=\"amfasa-field\">\n            <label for=\"bank\">Banco <span>*<\/span><\/label>\n            <input id=\"bank\" name=\"bank\" type=\"text\" required placeholder=\"Ej: Banco Naci\u00f3n\">\n          <\/div>\n\n          <div class=\"amfasa-field\">\n            <label for=\"branch\">Sucursal <span>*<\/span><\/label>\n            <input id=\"branch\" name=\"branch\" type=\"text\" required placeholder=\"Ej: Avellaneda\">\n          <\/div>\n\n          <div class=\"amfasa-field\">\n            <label for=\"accountType\">Tipo de cuenta <span>*<\/span><\/label>\n            <input id=\"accountType\" name=\"accountType\" type=\"text\" required placeholder=\"Ej: Caja de ahorro \/ Cuenta corriente\">\n          <\/div>\n\n          <div class=\"amfasa-field\">\n            <label for=\"accountNumber\">N\u00famero de cuenta <span>*<\/span><\/label>\n            <input id=\"accountNumber\" name=\"accountNumber\" type=\"text\" required placeholder=\"Ej: 123456\/7\">\n          <\/div>\n        <\/div>\n      <\/fieldset>\n\n      <!-- GRUPO FAMILIAR -->\n      <fieldset class=\"amfasa-fieldset\">\n        <legend>Grupo familiar primario<\/legend>\n\n        <p class=\"amfasa-muted\">Opcional. Carg\u00e1 una persona por l\u00ednea (Parentesco \/ Nombre \/ DNI \/ Fecha).<\/p>\n\n        <div class=\"amfasa-field\">\n          <label for=\"familyGroup\">Parentesco \/ Nombre y Apellido \/ DNI \/ Fecha de nacimiento<\/label>\n          <textarea id=\"familyGroup\" name=\"familyGroup\" rows=\"4\" placeholder=\"Ej:\nC\u00f3nyuge \/ Mar\u00eda G\u00f3mez \/ 12345678 \/ 1988-04-10\nHijo\/a \/ Pedro P\u00e9rez \/ 44556677 \/ 2015-09-21\"><\/textarea>\n        <\/div>\n      <\/fieldset>\n\n      <!-- ADJUNTOS -->\n      <fieldset class=\"amfasa-fieldset\">\n        <legend>Adjuntos<\/legend>\n\n        <div class=\"amfasa-grid\">\n          <div class=\"amfasa-field\">\n            <label for=\"dniCopy\">Adjuntar copia DNI (anverso y reverso) <span>*<\/span><\/label>\n            <input id=\"dniCopy\" name=\"dniCopy\" type=\"file\" required accept=\".pdf,.jpg,.jpeg,.png,.webp\">\n            <small>Formatos: PDF \/ JPG \/ PNG \/ WEBP<\/small>\n          <\/div>\n\n          <div class=\"amfasa-field\">\n            <label for=\"salaryReceipt\">Adjuntar copia de recibo de haberes <span>*<\/span><\/label>\n            <input id=\"salaryReceipt\" name=\"salaryReceipt\" type=\"file\" required accept=\".pdf,.jpg,.jpeg,.png,.webp\">\n            <small>Formatos: PDF \/ JPG \/ PNG \/ WEBP<\/small>\n          <\/div>\n        <\/div>\n      <\/fieldset>\n\n      <!-- DECLARACIONES -->\n      <fieldset class=\"amfasa-fieldset\">\n        <legend>Declaraciones<\/legend>\n\n        <label class=\"amfasa-check\">\n          <input type=\"checkbox\" name=\"acceptDebit\" required>\n          <span>Aceptaci\u00f3n y autorizaci\u00f3n para realizar el descuento de cuota social por d\u00e9bito directo. <b>*<\/b><\/span>\n        <\/label>\n\n        <label class=\"amfasa-check\">\n          <input type=\"checkbox\" name=\"swornDeclaration\" required>\n          <span>Declaro bajo juramento que no he omitido ni falseado informaci\u00f3n alguna. <b>*<\/b><\/span>\n        <\/label>\n\n        <div class=\"amfasa-field\">\n          <label for=\"digitalSignature\">Firma digital (escrib\u00ed tu nombre completo) <span>*<\/span><\/label>\n          <input id=\"digitalSignature\" name=\"digitalSignature\" type=\"text\" required placeholder=\"Ej: Juan P\u00e9rez\">\n        <\/div>\n      <\/fieldset>\n\n      <div class=\"amfasa-actions\">\n        <button class=\"amfasa-btn\" type=\"submit\">Enviar solicitud<\/button>\n        <p class=\"amfasa-muted\">Tus datos se utilizar\u00e1n \u00fanicamente para gestionar la afiliaci\u00f3n.<\/p>\n      <\/div>\n\n      <div class=\"amfasa-note\" role=\"status\" aria-live=\"polite\">\n        <strong>Tip:<\/strong> si est\u00e1s en el celular, pod\u00e9s adjuntar fotos directo desde la c\u00e1mara.\n      <\/div>\n    <\/form>\n  <\/section>\n  <\/div>\n\t\t\t\t\t\t<\/div>\n\t\t\t\t<\/div>\n\t\t\t\t\t<\/div>\n\t\t\t\t<\/div>\n\t\t\t\t<\/div>\n\t\t","protected":false},"excerpt":{"rendered":"<p>Afiliaci\u00f3n Facebook X-twitter Youtube<\/p>\n","protected":false},"author":1,"featured_media":41,"parent":0,"menu_order":0,"comment_status":"closed","ping_status":"closed","template":"","meta":{"footnotes":""},"class_list":["post-65","page","type-page","status-publish","has-post-thumbnail","hentry"],"_links":{"self":[{"href":"https:\/\/amfasa.com.ar\/index.php\/wp-json\/wp\/v2\/pages\/65","targetHints":{"allow":["GET"]}}],"collection":[{"href":"https:\/\/amfasa.com.ar\/index.php\/wp-json\/wp\/v2\/pages"}],"about":[{"href":"https:\/\/amfasa.com.ar\/index.php\/wp-json\/wp\/v2\/types\/page"}],"author":[{"embeddable":true,"href":"https:\/\/amfasa.com.ar\/index.php\/wp-json\/wp\/v2\/users\/1"}],"replies":[{"embeddable":true,"href":"https:\/\/amfasa.com.ar\/index.php\/wp-json\/wp\/v2\/comments?post=65"}],"version-history":[{"count":46,"href":"https:\/\/amfasa.com.ar\/index.php\/wp-json\/wp\/v2\/pages\/65\/revisions"}],"predecessor-version":[{"id":479,"href":"https:\/\/amfasa.com.ar\/index.php\/wp-json\/wp\/v2\/pages\/65\/revisions\/479"}],"wp:featuredmedia":[{"embeddable":true,"href":"https:\/\/amfasa.com.ar\/index.php\/wp-json\/wp\/v2\/media\/41"}],"wp:attachment":[{"href":"https:\/\/amfasa.com.ar\/index.php\/wp-json\/wp\/v2\/media?parent=65"}],"curies":[{"name":"wp","href":"https:\/\/api.w.org\/{rel}","templated":true}]}}